{"id":3342,"date":"2022-08-24T10:03:49","date_gmt":"2022-08-24T08:03:49","guid":{"rendered":"https:\/\/fonseuropeus.tercersector.cat\/indice\/"},"modified":"2022-08-24T10:03:54","modified_gmt":"2022-08-24T08:03:54","slug":"indice","status":"publish","type":"page","link":"https:\/\/internacional.tercersector.cat\/es\/indice\/","title":{"rendered":"\u00cdndice"},"content":{"rendered":"<p>[et_pb_section fb_built=\u00bb1&#8243; disabled_on=\u00bbon|off|off\u00bb module_class=\u00bbmenu-left\u00bb _builder_version=\u00bb4.10.5&#8243; _module_preset=\u00bbdefault\u00bb background_color=\u00bb#0067A9&#8243; positioning=\u00bbfixed\u00bb z_index=\u00bb9&#8243; width=\u00bb75px\u00bb max_width=\u00bb75px\u00bb min_height=\u00bb100%\u00bb height=\u00bb100%\u00bb custom_margin=\u00bb0px|0px|0px|0px|false|true\u00bb custom_padding=\u00bb80px|0px|0px|0px|false|true\u00bb da_disable_devices=\u00bboff|off|off\u00bb global_module=\u00bb61&#8243; collapsed=\u00bbon\u00bb global_colors_info=\u00bb{}\u00bb da_is_popup=\u00bboff\u00bb da_exit_intent=\u00bboff\u00bb da_has_close=\u00bbon\u00bb da_alt_close=\u00bboff\u00bb da_dark_close=\u00bboff\u00bb da_not_modal=\u00bbon\u00bb da_is_singular=\u00bboff\u00bb da_with_loader=\u00bboff\u00bb da_has_shadow=\u00bbon\u00bb][et_pb_row _builder_version=\u00bb4.9.10&#8243; _module_preset=\u00bbdefault\u00bb width=\u00bb100%\u00bb custom_margin=\u00bb0px|0px|0px|0px|true|true\u00bb custom_padding=\u00bb0px|0px|0px|0px|true|true\u00bb global_colors_info=\u00bb{}\u00bb][et_pb_column type=\u00bb4_4&#8243; module_class=\u00bbleft-bar\u00bb _builder_version=\u00bb4.9.10&#8243; _module_preset=\u00bbdefault\u00bb global_colors_info=\u00bb{}\u00bb][et_pb_menu menu_id=\u00bb20&#8243; active_link_color=\u00bb#FFFFFF\u00bb admin_label=\u00bbMenu esq TOP\u00bb module_class=\u00bbmenu-left-top\u00bb _builder_version=\u00bb4.10.5&#8243; _module_preset=\u00bbdefault\u00bb menu_font=\u00bbFedraSans Light||||||||\u00bb menu_text_color=\u00bb#FFFFFF\u00bb background_color=\u00bb#0067A9&#8243; text_orientation=\u00bbcenter\u00bb background_layout=\u00bbdark\u00bb custom_margin=\u00bb0px|0px|0px|0px|false|false\u00bb custom_padding=\u00bb0px|0px|0px|0px|true|true\u00bb global_colors_info=\u00bb{}\u00bb][\/et_pb_menu][et_pb_post_title meta=\u00bboff\u00bb featured_image=\u00bboff\u00bb text_color=\u00bblight\u00bb disabled_on=\u00bboff|off|off\u00bb admin_label=\u00bbPost Title\u00bb module_class=\u00bbtitle-left\u00bb _builder_version=\u00bb4.10.5&#8243; _module_preset=\u00bbdefault\u00bb title_font=\u00bbFedraSans Bold||||||||\u00bb title_text_color=\u00bb#FFFFFF\u00bb title_font_size=\u00bb14px\u00bb text_orientation=\u00bbcenter\u00bb custom_margin=\u00bb||||false|false\u00bb global_colors_info=\u00bb{}\u00bb][\/et_pb_post_title][et_pb_menu menu_id=\u00bb25&#8243; active_link_color=\u00bb#FFFFFF\u00bb admin_label=\u00bbMenu esq BOTTOM\u00bb module_class=\u00bbmenu-left-bottom\u00bb _builder_version=\u00bb4.9.10&#8243; _module_preset=\u00bbdefault\u00bb menu_font=\u00bbFedraSans Light||||||||\u00bb menu_text_color=\u00bb#FFFFFF\u00bb background_color=\u00bb#0067A9&#8243; text_orientation=\u00bbcenter\u00bb background_layout=\u00bbdark\u00bb custom_margin=\u00bb0px|0px|0px|0px|false|false\u00bb custom_padding=\u00bb0px|0px|0px|0px|true|true\u00bb global_colors_info=\u00bb{}\u00bb active_link_color__hover_enabled=\u00bbon|hover\u00bb active_link_color__hover=\u00bb#0067A9&#8243; menu_text_color__hover_enabled=\u00bbon|hover\u00bb menu_text_color__hover=\u00bb#0067A9&#8243;][\/et_pb_menu][\/et_pb_column][\/et_pb_row][\/et_pb_section][et_pb_section fb_built=\u00bb1&#8243; _builder_version=\u00bb4.10.5&#8243; _module_preset=\u00bbdefault\u00bb background_color=\u00bb#d8e8f2&#8243; custom_margin=\u00bb||0px||false|false\u00bb custom_padding=\u00bb||0px||false|false\u00bb hover_enabled=\u00bb0&#8243; da_disable_devices=\u00bboff|off|off\u00bb global_colors_info=\u00bb{}\u00bb da_is_popup=\u00bbon\u00bb da_popup_slug=\u00bbp-index\u00bb sticky_enabled=\u00bb0&#8243; da_exit_intent=\u00bboff\u00bb da_has_close=\u00bbon\u00bb da_alt_close=\u00bboff\u00bb da_dark_close=\u00bboff\u00bb da_not_modal=\u00bbon\u00bb da_is_singular=\u00bboff\u00bb da_with_loader=\u00bboff\u00bb da_has_shadow=\u00bbon\u00bb module_id=\u00bbp-index\u00bb module_class=\u00bbpopup\u00bb admin_label=\u00bbPopup &#8211; #p-index\u00bb][et_pb_row column_structure=\u00bb1_2,1_2&#8243; _builder_version=\u00bb4.9.10&#8243; _module_preset=\u00bbdefault\u00bb collapsed=\u00bbon\u00bb global_colors_info=\u00bb{}\u00bb][et_pb_column type=\u00bb1_2&#8243; _builder_version=\u00bb4.9.10&#8243; _module_preset=\u00bbdefault\u00bb global_colors_info=\u00bb{}\u00bb][et_pb_text admin_label=\u00bbUna visi\u00f3 general dels Fons Europeus\u00bb _builder_version=\u00bb4.10.5&#8243; _module_preset=\u00bbc0e35b4c-d90d-4c31-a3a5-e8f031190990&#8243; global_colors_info=\u00bb{}\u00bb]<\/p>\n<h2>Una visi\u00f3n general de los Fondos Europeos<\/h2>\n<p>[\/et_pb_text][et_pb_text admin_label=\u00bb\u00cdtems\u00bb _builder_version=\u00bb4.10.5&#8243; _module_preset=\u00bbdefault\u00bb text_font=\u00bbFedraSans Medium||||||||\u00bb text_text_color=\u00bb#707070&#8243; global_colors_info=\u00bb{}\u00bb]<\/p>\n<ul>\n<li><a href=\"https:\/\/internacional.tercersector.cat\/principis-generals\/\">Principios generales compartidos por los fondos europeos<\/a><\/li>\n<li><a href=\"https:\/\/internacional.tercersector.cat\/tipus-de-fons-europeus\/\">Tipo de fondos europeos<\/a><\/li>\n<li><a href=\"https:\/\/internacional.tercersector.cat\/lexic-i-funcionament-dels-fons-europeus\/\">L\u00e9xico y funcionamiento de los fondos europeos<\/a><\/li>\n<li><a href=\"https:\/\/internacional.tercersector.cat\/es\/ventajas-de-participar-en-proyectos-europeos\/\">Ventajas de participar en proyectos europeos<\/a><\/li>\n<li><a href=\"https:\/\/internacional.tercersector.cat\/es\/actividades-incluidas-en-proyectos-europeos\/\">Actividades incluidas en proyectos europeos<\/a><\/li>\n<\/ul>\n<p>[\/et_pb_text][\/et_pb_column][et_pb_column type=\u00bb1_2&#8243; _builder_version=\u00bb4.9.10&#8243; _module_preset=\u00bbdefault\u00bb global_colors_info=\u00bb{}\u00bb][et_pb_text admin_label=\u00bbCom elaborar la nostra estrat\u00e8gia departicipaci\u00f3 en Programa Europeus?\u00bb _builder_version=\u00bb4.10.5&#8243; _module_preset=\u00bbc0e35b4c-d90d-4c31-a3a5-e8f031190990&#8243; global_colors_info=\u00bb{}\u00bb]<\/p>\n<h2>C\u00f3mo elaborar nuestra estrategia de<br \/>participaci\u00f3n en Programa Europeos?<\/h2>\n<p>[\/et_pb_text][et_pb_text admin_label=\u00bb\u00cdtems\u00bb _builder_version=\u00bb4.10.5&#8243; _module_preset=\u00bbdefault\u00bb text_font=\u00bbFedraSans Medium||||||||\u00bb text_text_color=\u00bb#707070&#8243; global_colors_info=\u00bb{}\u00bb]<\/p>\n<ul>\n<li><a href=\"https:\/\/internacional.tercersector.cat\/es\/elementos-a-tener-en-cuenta\/\">Elementos a tener en cuenta<\/a><\/li>\n<li><a href=\"https:\/\/internacional.tercersector.cat\/es\/elaboracion-de-la-estrategia\/\">Elaboraci\u00f3n de la estrategia<\/a><\/li>\n<li><a href=\"https:\/\/internacional.tercersector.cat\/fase-de-preparacio\/\">Fase de preparaci\u00f3n<\/a><\/li>\n<li><a href=\"https:\/\/internacional.tercersector.cat\/fase-de-recerca\/\">Fase de investigaci\u00f3n<\/a><\/li>\n<li><a href=\"https:\/\/internacional.tercersector.cat\/fase-de-recerca\/#idea-projecte\">Idea de proyecto<\/a><\/li>\n<li><a href=\"https:\/\/internacional.tercersector.cat\/fase-delaboracio\/\">Fase de elaboraci\u00f3n<\/a><\/li>\n<li><a href=\"https:\/\/internacional.tercersector.cat\/obtenir-el-seu-pic\/\">Obtener su PIC<\/a><\/li>\n<\/ul>\n<p>[\/et_pb_text][\/et_pb_column][\/et_pb_row][et_pb_row column_structure=\u00bb1_3,1_3,1_3&#8243; _builder_version=\u00bb4.9.10&#8243; _module_preset=\u00bbdefault\u00bb collapsed=\u00bbon\u00bb global_colors_info=\u00bb{}\u00bb][et_pb_column type=\u00bb1_3&#8243; _builder_version=\u00bb4.9.10&#8243; _module_preset=\u00bbdefault\u00bb global_colors_info=\u00bb{}\u00bb][et_pb_text admin_label=\u00bbRecursos \u00fatils\u00bb _builder_version=\u00bb4.10.5&#8243; _module_preset=\u00bbc0e35b4c-d90d-4c31-a3a5-e8f031190990&#8243; global_colors_info=\u00bb{}\u00bb]<\/p>\n<h2>Recursos \u00fatiles<\/h2>\n<p>[\/et_pb_text][et_pb_text admin_label=\u00bbText\u00bb _builder_version=\u00bb4.10.5&#8243; _module_preset=\u00bbdefault\u00bb text_font=\u00bbFedraSans Medium||||||||\u00bb text_text_color=\u00bb#707070&#8243; global_colors_info=\u00bb{}\u00bb]<\/p>\n<ul>\n<li><a href=\"https:\/\/internacional.tercersector.cat\/recursos\/#r-plataformes\">Plataformas<\/a><\/li>\n<li><a href=\"https:\/\/internacional.tercersector.cat\/recursos\/#r-xarxes\">Redes sociales y webs<\/a><\/li>\n<li><a href=\"https:\/\/internacional.tercersector.cat\/recursos\/#r-portal\">Portal de ofertas<\/a><\/li>\n<li><a href=\"https:\/\/internacional.tercersector.cat\/recursos\/#r-taula\">Taula del Tercer Sector<\/a><\/li>\n<li><a href=\"https:\/\/internacional.tercersector.cat\/recursos\/#r-federacions\">Federaciones<\/a><\/li>\n<li><a href=\"https:\/\/internacional.tercersector.cat\/recursos\/#r-admin\">Administraciones<\/a><\/li>\n<li><a href=\"https:\/\/internacional.tercersector.cat\/recursos\/#r-up\">Up2Europe<\/a><\/li>\n<\/ul>\n<p>[\/et_pb_text][\/et_pb_column][et_pb_column type=\u00bb1_3&#8243; _builder_version=\u00bb4.9.10&#8243; _module_preset=\u00bbdefault\u00bb global_colors_info=\u00bb{}\u00bb][et_pb_text admin_label=\u00bbProgrames de la Uni\u00f3 Europeaper al Tercer Sector\u00bb _builder_version=\u00bb4.10.5&#8243; _module_preset=\u00bbc0e35b4c-d90d-4c31-a3a5-e8f031190990&#8243; global_colors_info=\u00bb{}\u00bb]<\/p>\n<h2>Programas de la Uni\u00f3n Europea<br \/>para el Tercer Sector<\/h2>\n<p>[\/et_pb_text][et_pb_text _builder_version=\u00bb4.10.5&#8243; _module_preset=\u00bbdefault\u00bb text_font=\u00bbFedraSans Medium||||||||\u00bb text_text_color=\u00bb#707070&#8243; global_colors_info=\u00bb{}\u00bb]<\/p>\n<ul>\n<li>Erasmus+<\/li>\n<li>Horizon Europe<\/li>\n<li>CERV<\/li>\n<li>Single Market<\/li>\n<li>Creative Europe<\/li>\n<li>Interreg SUDOE<\/li>\n<li>Interreg POCTEFA<\/li>\n<li>Interreg NextMED<\/li>\n<li>Interreg EUROPE<\/li>\n<li>nterreg EuroMED<\/li>\n<li>EU4Health<\/li>\n<li>NDICI<\/li>\n<li>AMF<\/li>\n<li>COST<\/li>\n<\/ul>\n<p>[\/et_pb_text][\/et_pb_column][et_pb_column type=\u00bb1_3&#8243; _builder_version=\u00bb4.9.10&#8243; _module_preset=\u00bbdefault\u00bb global_colors_info=\u00bb{}\u00bb][et_pb_text admin_label=\u00bb\u00cdndex de programesper tem\u00e0tica\u00bb _builder_version=\u00bb4.10.5&#8243; _module_preset=\u00bbc0e35b4c-d90d-4c31-a3a5-e8f031190990&#8243; global_colors_info=\u00bb{}\u00bb]<\/p>\n<h2>\u00cdndice de programas<br \/>por tem\u00e1tica<\/h2>\n<p>[\/et_pb_text][et_pb_text _builder_version=\u00bb4.9.10&#8243; _module_preset=\u00bbdefault\u00bb text_font=\u00bbFedraSans Medium||||||||\u00bb text_text_color=\u00bb#707070&#8243; global_colors_info=\u00bb{}\u00bb]<\/p>\n<ul>\n<li>Drogodependientes<\/li>\n<li>J\u00f3venes<\/li>\n<li>Infancia<\/li>\n<li>Enfermedades<\/li>\n<li>Mujeres y LGBTQI+<\/li>\n<li>Salud mental<\/li>\n<li>Migrantes y no discriminaci\u00f3n<\/li>\n<li>Discapacidades<\/li>\n<li>Desempleo<\/li>\n<li>Tercera edad<\/li>\n<li>Pobreza y exclusi\u00f3n social<\/li>\n<li>Reclusos y exreclusos<\/li>\n<\/ul>\n<p>[\/et_pb_text][\/et_pb_column][\/et_pb_row][\/et_pb_section]<\/p>\n","protected":false},"excerpt":{"rendered":"<p>Una visi\u00f3n general de los Fondos Europeos Principios generales compartidos por los fondos europeos Tipo de fondos europeos L\u00e9xico y funcionamiento de los fondos europeos Ventajas de participar en proyectos europeos Actividades incluidas en proyectos europeos C\u00f3mo elaborar nuestra estrategia departicipaci\u00f3n en Programa Europeos? Elementos a tener en cuenta Elaboraci\u00f3n de la estrategia Fase de [&hellip;]<\/p>\n","protected":false},"author":1,"featured_media":0,"parent":0,"menu_order":0,"comment_status":"closed","ping_status":"closed","template":"","meta":{"_acf_changed":false,"_et_pb_use_builder":"on","_et_pb_old_content":"","_et_gb_content_width":"","inline_featured_image":false,"footnotes":""},"class_list":["post-3342","page","type-page","status-publish","hentry"],"acf":[],"yoast_head":"<!-- This site is optimized with the Yoast SEO plugin v27.3 - https:\/\/yoast.com\/product\/yoast-seo-wordpress\/ -->\n<title>\u00cdndice - Aliances per arribar a Europa<\/title>\n<meta name=\"robots\" content=\"index, follow, max-snippet:-1, max-image-preview:large, max-video-preview:-1\" \/>\n<link rel=\"canonical\" href=\"https:\/\/internacional.tercersector.cat\/es\/indice\/\" \/>\n<meta property=\"og:locale\" content=\"es_ES\" \/>\n<meta property=\"og:type\" content=\"article\" \/>\n<meta property=\"og:title\" content=\"\u00cdndice - Aliances per arribar a Europa\" \/>\n<meta property=\"og:description\" content=\"Una visi\u00f3n general de los Fondos Europeos Principios generales compartidos por los fondos europeos Tipo de fondos europeos L\u00e9xico y funcionamiento de los fondos europeos Ventajas de participar en proyectos europeos Actividades incluidas en proyectos europeos C\u00f3mo elaborar nuestra estrategia departicipaci\u00f3n en Programa Europeos? Elementos a tener en cuenta Elaboraci\u00f3n de la estrategia Fase de [&hellip;]\" \/>\n<meta property=\"og:url\" content=\"https:\/\/internacional.tercersector.cat\/es\/indice\/\" \/>\n<meta property=\"og:site_name\" content=\"Aliances per arribar a Europa\" \/>\n<meta property=\"article:modified_time\" content=\"2022-08-24T08:03:54+00:00\" \/>\n<meta name=\"twitter:card\" content=\"summary_large_image\" \/>\n<meta name=\"twitter:site\" content=\"@taula3sector\" \/>\n<meta name=\"twitter:label1\" content=\"Tiempo de lectura\" \/>\n\t<meta name=\"twitter:data1\" content=\"5 minutos\" \/>\n<script type=\"application\/ld+json\" class=\"yoast-schema-graph\">{\"@context\":\"https:\\\/\\\/schema.org\",\"@graph\":[{\"@type\":\"WebPage\",\"@id\":\"https:\\\/\\\/internacional.tercersector.cat\\\/es\\\/indice\\\/\",\"url\":\"https:\\\/\\\/internacional.tercersector.cat\\\/es\\\/indice\\\/\",\"name\":\"\u00cdndice - Aliances per arribar a Europa\",\"isPartOf\":{\"@id\":\"https:\\\/\\\/internacional.tercersector.cat\\\/#website\"},\"datePublished\":\"2022-08-24T08:03:49+00:00\",\"dateModified\":\"2022-08-24T08:03:54+00:00\",\"breadcrumb\":{\"@id\":\"https:\\\/\\\/internacional.tercersector.cat\\\/es\\\/indice\\\/#breadcrumb\"},\"inLanguage\":\"es\",\"potentialAction\":[{\"@type\":\"ReadAction\",\"target\":[\"https:\\\/\\\/internacional.tercersector.cat\\\/es\\\/indice\\\/\"]}]},{\"@type\":\"BreadcrumbList\",\"@id\":\"https:\\\/\\\/internacional.tercersector.cat\\\/es\\\/indice\\\/#breadcrumb\",\"itemListElement\":[{\"@type\":\"ListItem\",\"position\":1,\"name\":\"Inici\",\"item\":\"https:\\\/\\\/internacional.tercersector.cat\\\/\"},{\"@type\":\"ListItem\",\"position\":2,\"name\":\"\u00cdndice\"}]},{\"@type\":\"WebSite\",\"@id\":\"https:\\\/\\\/internacional.tercersector.cat\\\/#website\",\"url\":\"https:\\\/\\\/internacional.tercersector.cat\\\/\",\"name\":\"Aliances per arribar a Europa\",\"description\":\"Web de finan\u00e7ament europeu per al Tercer Sector\",\"publisher\":{\"@id\":\"https:\\\/\\\/internacional.tercersector.cat\\\/#organization\"},\"potentialAction\":[{\"@type\":\"SearchAction\",\"target\":{\"@type\":\"EntryPoint\",\"urlTemplate\":\"https:\\\/\\\/internacional.tercersector.cat\\\/?s={search_term_string}\"},\"query-input\":{\"@type\":\"PropertyValueSpecification\",\"valueRequired\":true,\"valueName\":\"search_term_string\"}}],\"inLanguage\":\"es\"},{\"@type\":\"Organization\",\"@id\":\"https:\\\/\\\/internacional.tercersector.cat\\\/#organization\",\"name\":\"Taula d'entitats del Tercer Sector Social de Catalunya\",\"url\":\"https:\\\/\\\/internacional.tercersector.cat\\\/\",\"logo\":{\"@type\":\"ImageObject\",\"inLanguage\":\"es\",\"@id\":\"https:\\\/\\\/internacional.tercersector.cat\\\/#\\\/schema\\\/logo\\\/image\\\/\",\"url\":\"https:\\\/\\\/internacional.tercersector.cat\\\/wp-content\\\/uploads\\\/2021\\\/08\\\/logo-taula.svg\",\"contentUrl\":\"https:\\\/\\\/internacional.tercersector.cat\\\/wp-content\\\/uploads\\\/2021\\\/08\\\/logo-taula.svg\",\"width\":169,\"height\":46,\"caption\":\"Taula d'entitats del Tercer Sector Social de Catalunya\"},\"image\":{\"@id\":\"https:\\\/\\\/internacional.tercersector.cat\\\/#\\\/schema\\\/logo\\\/image\\\/\"},\"sameAs\":[\"https:\\\/\\\/x.com\\\/taula3sector\",\"https:\\\/\\\/www.linkedin.com\\\/company\\\/taula-d'entitats-del-tercer-sector-social-de-catalunya\",\"https:\\\/\\\/www.youtube.com\\\/user\\\/tercersectorcat\"]}]}<\/script>\n<!-- \/ Yoast SEO plugin. -->","yoast_head_json":{"title":"\u00cdndice - Aliances per arribar a Europa","robots":{"index":"index","follow":"follow","max-snippet":"max-snippet:-1","max-image-preview":"max-image-preview:large","max-video-preview":"max-video-preview:-1"},"canonical":"https:\/\/internacional.tercersector.cat\/es\/indice\/","og_locale":"es_ES","og_type":"article","og_title":"\u00cdndice - Aliances per arribar a Europa","og_description":"Una visi\u00f3n general de los Fondos Europeos Principios generales compartidos por los fondos europeos Tipo de fondos europeos L\u00e9xico y funcionamiento de los fondos europeos Ventajas de participar en proyectos europeos Actividades incluidas en proyectos europeos C\u00f3mo elaborar nuestra estrategia departicipaci\u00f3n en Programa Europeos? Elementos a tener en cuenta Elaboraci\u00f3n de la estrategia Fase de [&hellip;]","og_url":"https:\/\/internacional.tercersector.cat\/es\/indice\/","og_site_name":"Aliances per arribar a Europa","article_modified_time":"2022-08-24T08:03:54+00:00","twitter_card":"summary_large_image","twitter_site":"@taula3sector","twitter_misc":{"Tiempo de lectura":"5 minutos"},"schema":{"@context":"https:\/\/schema.org","@graph":[{"@type":"WebPage","@id":"https:\/\/internacional.tercersector.cat\/es\/indice\/","url":"https:\/\/internacional.tercersector.cat\/es\/indice\/","name":"\u00cdndice - Aliances per arribar a Europa","isPartOf":{"@id":"https:\/\/internacional.tercersector.cat\/#website"},"datePublished":"2022-08-24T08:03:49+00:00","dateModified":"2022-08-24T08:03:54+00:00","breadcrumb":{"@id":"https:\/\/internacional.tercersector.cat\/es\/indice\/#breadcrumb"},"inLanguage":"es","potentialAction":[{"@type":"ReadAction","target":["https:\/\/internacional.tercersector.cat\/es\/indice\/"]}]},{"@type":"BreadcrumbList","@id":"https:\/\/internacional.tercersector.cat\/es\/indice\/#breadcrumb","itemListElement":[{"@type":"ListItem","position":1,"name":"Inici","item":"https:\/\/internacional.tercersector.cat\/"},{"@type":"ListItem","position":2,"name":"\u00cdndice"}]},{"@type":"WebSite","@id":"https:\/\/internacional.tercersector.cat\/#website","url":"https:\/\/internacional.tercersector.cat\/","name":"Aliances per arribar a Europa","description":"Web de finan\u00e7ament europeu per al Tercer Sector","publisher":{"@id":"https:\/\/internacional.tercersector.cat\/#organization"},"potentialAction":[{"@type":"SearchAction","target":{"@type":"EntryPoint","urlTemplate":"https:\/\/internacional.tercersector.cat\/?s={search_term_string}"},"query-input":{"@type":"PropertyValueSpecification","valueRequired":true,"valueName":"search_term_string"}}],"inLanguage":"es"},{"@type":"Organization","@id":"https:\/\/internacional.tercersector.cat\/#organization","name":"Taula d'entitats del Tercer Sector Social de Catalunya","url":"https:\/\/internacional.tercersector.cat\/","logo":{"@type":"ImageObject","inLanguage":"es","@id":"https:\/\/internacional.tercersector.cat\/#\/schema\/logo\/image\/","url":"https:\/\/internacional.tercersector.cat\/wp-content\/uploads\/2021\/08\/logo-taula.svg","contentUrl":"https:\/\/internacional.tercersector.cat\/wp-content\/uploads\/2021\/08\/logo-taula.svg","width":169,"height":46,"caption":"Taula d'entitats del Tercer Sector Social de Catalunya"},"image":{"@id":"https:\/\/internacional.tercersector.cat\/#\/schema\/logo\/image\/"},"sameAs":["https:\/\/x.com\/taula3sector","https:\/\/www.linkedin.com\/company\/taula-d'entitats-del-tercer-sector-social-de-catalunya","https:\/\/www.youtube.com\/user\/tercersectorcat"]}]}},"_links":{"self":[{"href":"https:\/\/internacional.tercersector.cat\/es\/wp-json\/wp\/v2\/pages\/3342","targetHints":{"allow":["GET"]}}],"collection":[{"href":"https:\/\/internacional.tercersector.cat\/es\/wp-json\/wp\/v2\/pages"}],"about":[{"href":"https:\/\/internacional.tercersector.cat\/es\/wp-json\/wp\/v2\/types\/page"}],"author":[{"embeddable":true,"href":"https:\/\/internacional.tercersector.cat\/es\/wp-json\/wp\/v2\/users\/1"}],"replies":[{"embeddable":true,"href":"https:\/\/internacional.tercersector.cat\/es\/wp-json\/wp\/v2\/comments?post=3342"}],"version-history":[{"count":2,"href":"https:\/\/internacional.tercersector.cat\/es\/wp-json\/wp\/v2\/pages\/3342\/revisions"}],"predecessor-version":[{"id":3344,"href":"https:\/\/internacional.tercersector.cat\/es\/wp-json\/wp\/v2\/pages\/3342\/revisions\/3344"}],"wp:attachment":[{"href":"https:\/\/internacional.tercersector.cat\/es\/wp-json\/wp\/v2\/media?parent=3342"}],"curies":[{"name":"wp","href":"https:\/\/api.w.org\/{rel}","templated":true}]}}